{"id":12534,"date":"2017-11-16T11:58:17","date_gmt":"2017-11-16T18:58:17","guid":{"rendered":"http:\/\/www.kirkhalliday.com\/site\/?page_id=12534"},"modified":"2017-11-16T12:00:46","modified_gmt":"2017-11-16T19:00:46","slug":"to-be-or-not-to-be-mentored-a-personal-approach-to-career-development","status":"publish","type":"page","link":"http:\/\/www.kirkhalliday.com\/kh\/home-3\/forum-areas\/articles-form\/to-be-or-not-to-be-mentored-a-personal-approach-to-career-development\/","title":{"rendered":"To be or not to be&#8230;  Mentored!  A Personal Approach to Career Development"},"content":{"rendered":"<div class=\"fusion-fullwidth fullwidth-box nonhundred-percent-fullwidth non-hundred-percent-height-scrolling\"  style='background-color: #ffffff;background-position: center center;background-repeat: no-repeat;padding-top:0px;padding-right:0px;padding-bottom:0px;padding-left:0px;'><div class=\"fusion-builder-row fusion-row \"><div  class=\"fusion-layout-column fusion_builder_column fusion_builder_column_1_1 fusion-builder-column-1 fusion-one-full fusion-column-first fusion-column-last 1_1\"  style='margin-top:0px;margin-bottom:20px;'>\n\t\t\t\t\t<div class=\"fusion-column-wrapper\" style=\"background-position:left top;background-repeat:no-repeat;-webkit-background-size:cover;-moz-background-size:cover;-o-background-size:cover;background-size:cover;\"   data-bg-url=\"\">\n\t\t\t\t\t\t<div class=\"fusion-text\"><p style=\"text-align: center;\"><a href=\"http:\/\/www.kirkhalliday.com\/site\/wp-content\/uploads\/2017\/11\/mentored.jpg\"><img decoding=\"async\" class=\"alignnone wp-image-12535 size-full lazyload\" data-src=\"http:\/\/www.kirkhalliday.com\/site\/wp-content\/uploads\/2017\/11\/mentored.jpg\" alt=\"\" width=\"698\" height=\"400\" data-srcset=\"http:\/\/www.kirkhalliday.com\/kh\/wp-content\/uploads\/2017\/11\/mentored-200x115.jpg 200w, http:\/\/www.kirkhalliday.com\/kh\/wp-content\/uploads\/2017\/11\/mentored-300x172.jpg 300w, http:\/\/www.kirkhalliday.com\/kh\/wp-content\/uploads\/2017\/11\/mentored-400x229.jpg 400w, http:\/\/www.kirkhalliday.com\/kh\/wp-content\/uploads\/2017\/11\/mentored-600x344.jpg 600w, http:\/\/www.kirkhalliday.com\/kh\/wp-content\/uploads\/2017\/11\/mentored.jpg 698w\" data-sizes=\"(max-width: 698px) 100vw, 698px\" src=\"data:image\/svg+xml;base64,PHN2ZyB3aWR0aD0iMSIgaGVpZ2h0PSIxIiB4bWxucz0iaHR0cDovL3d3dy53My5vcmcvMjAwMC9zdmciPjwvc3ZnPg==\" style=\"--smush-placeholder-width: 698px; --smush-placeholder-aspect-ratio: 698\/400;\" \/><\/a><\/p>\n<\/div><div class=\"fusion-title title fusion-title-1 fusion-title-size-one\" style=\"margin-top:0px;margin-bottom:30px;\"><h1 class=\"title-heading-left\" style=\"margin:0;\">To be or not to be&#8230;&nbsp; Mentored!&nbsp; A Personal Approach to Career Development<\/h1><div class=\"title-sep-container\"><div class=\"title-sep sep-double sep-solid\" style=\"border-color:#e0dede;\"><\/div><\/div><\/div><div class=\"fusion-text\"><p>In life, we all need a little help from our friends!&nbsp; Sometimes we need our friends to be more experienced than we are, more powerful than we are, independent of our careers, and available to us as a &#8220;sounding board.&#8221;&nbsp; We need our friends to be open and honest with us when hearing concerns, and sometimes we really need a reciprocal relationship.&nbsp;<\/p>\n<p>This is where mentoring comes into play.&nbsp; Mentoring is a developmental partnership through which one person shares knowledge, skills, information and perspective to foster the personal and professional growth of someone else. We all have a need for insight that is outside of our normal life and educational experience. The power of mentoring is that it creates a one-of-a-kind opportunity for collaboration, goal achievement and problem-solving.<\/p>\n<blockquote>\n<p>Mentoring is a brain to pick, an ear to listen, and a push in the right direction.&nbsp;<br \/>\n&#8211; John C.&nbsp; Crosby<\/p>\n<p>In everyone\u2019s life at some time, our inner fire goes out.&nbsp; It is then burst into flame by an encounter with another human being.&nbsp; We should all be thankful for those people who rekindle the inner spirit.&nbsp;<br \/>\n&#8211; Albert Schweitzer<\/p>\n<\/blockquote>\n<p>A man I admire, Neal Maxwell, once said:&nbsp; &#8220;Each of us, from time to time, is mentored and has chances to mentor. In my experience, truthful and caring one-liners that occur within such nurturing relationships have a long shelf life!&nbsp; You can probably recount three or four examples of how people have said something &#8211; probably a sentence or clause &#8211; and you remember it still. It moves and touches you still. Such has been the case with me. . .&#8221;<\/p>\n<p>A mentor oversees the career and development of another, usually junior person (often called the prot\u00e9g\u00e9).&nbsp; He or she helps the prot\u00e9g\u00e9 clarify career goals and carry out a plan to reach those goals by sharing the insights and knowledge they have gained through their experiences.&nbsp; A mentor also:<\/p>\n<ul>\n<li>Coaches the prot\u00e9g\u00e9 in enhancing skills and intellectual development<\/li>\n<li>Provides candid feedback about perceived strengths and developmental needs<\/li>\n<li>Points out opportunities to develop capabilities and points out pitfalls to avoid<\/li>\n<li>Advises on how to deal with real or perceived roadblocks<\/li>\n<li>Encourages, motivates, and serves as a sounding board<\/li>\n<li>Builds self-confidence and sense of self<\/li>\n<li>Links the prot\u00e9g\u00e9 with others who can enhance learning<\/li>\n<\/ul>\n<h2>Mentor vs. Coach<\/h2>\n<p>A mentor is MUCH different than your coach.&nbsp; In fact, they (in almost all cases) should NOT be the same person.&nbsp; Each role has its own responsibilities when it comes to focus, role, relationship, source of influence, personal returns, and arena.&nbsp;&nbsp; Below is a graphic outlining these differences.<\/p>\n<h2><a href=\"http:\/\/www.kirkhalliday.com\/site\/wp-content\/uploads\/2017\/11\/mentorvscoach.jpg\"><img decoding=\"async\" class=\"wp-image-12537 aligncenter lazyload\" data-src=\"http:\/\/www.kirkhalliday.com\/site\/wp-content\/uploads\/2017\/11\/mentorvscoach.jpg\" alt=\"\" width=\"551\" height=\"273\" data-srcset=\"http:\/\/www.kirkhalliday.com\/kh\/wp-content\/uploads\/2017\/11\/mentorvscoach-200x99.jpg 200w, http:\/\/www.kirkhalliday.com\/kh\/wp-content\/uploads\/2017\/11\/mentorvscoach-300x149.jpg 300w, http:\/\/www.kirkhalliday.com\/kh\/wp-content\/uploads\/2017\/11\/mentorvscoach-400x198.jpg 400w, http:\/\/www.kirkhalliday.com\/kh\/wp-content\/uploads\/2017\/11\/mentorvscoach-600x297.jpg 600w, http:\/\/www.kirkhalliday.com\/kh\/wp-content\/uploads\/2017\/11\/mentorvscoach-768x380.jpg 768w, http:\/\/www.kirkhalliday.com\/kh\/wp-content\/uploads\/2017\/11\/mentorvscoach.jpg 800w\" data-sizes=\"(max-width: 551px) 100vw, 551px\" src=\"data:image\/svg+xml;base64,PHN2ZyB3aWR0aD0iMSIgaGVpZ2h0PSIxIiB4bWxucz0iaHR0cDovL3d3dy53My5vcmcvMjAwMC9zdmciPjwvc3ZnPg==\" style=\"--smush-placeholder-width: 551px; --smush-placeholder-aspect-ratio: 551\/273;\" \/><\/a><\/h2>\n<h2>Finding a Mentor<\/h2>\n<p>You should spend a lot of time thinking about your needs before looking for a mentor.&nbsp; You should find someone you respect, who has been where you want to be, has the time to help you, and is outside your chain of command (as mentioned above).&nbsp; Mentoring is one of the competencies of a good leader.&nbsp; Good mentors are well-respected and fell a sense of pride at helping someone else succeed and in &#8220;giving back&#8221; to others.&nbsp;<\/p>\n<h2>Prot\u00e9g\u00e9 Expectations and Benefits<\/h2>\n<p>Next to family, having a mentor can be one of the most beneficial relationships from both a personal and a business level that you can ever have.&nbsp; As a prot\u00e9g\u00e9, you should have specific expectations, however.&nbsp; You should expect your mentor to:<\/p>\n<ul>\n<li>give encouragement and support<\/li>\n<li>be honest with you (i.e. appraisal of abilities, discussion about tough issues)<\/li>\n<li>bring to light candid information and give straight-forward advice<\/li>\n<li>show you the big-picture view<\/li>\n<li>help with &#8220;vision&#8221;<\/li>\n<li>help in making good choices<\/li>\n<li>help in defining and reaching goals<\/li>\n<\/ul>\n<p>If your mentor does this, it will help you increase your self-confidence, give you insight into career paths, assist you in accepting positive and constructive feedback in a more effective way, increase your interpersonal relationship skills, and much more.&nbsp; In addition, it will help you become a mentor yourself.<\/p>\n<p>Always remember that amazing people don&#8217;t just happen.&nbsp; As Bob Proctor said:&nbsp; &#8220;A mentor is someone who sees more talent and ability within you, than you see in yourself, and helps bring it out of you.&#8221;<\/p>\n<\/div><div class=\"fusion-clearfix\"><\/div>\n\n\t\t\t\t\t<\/div>\n\t\t\t\t<\/div><\/div><\/div>\n","protected":false},"excerpt":{"rendered":"","protected":false},"author":1,"featured_media":0,"parent":6578,"menu_order":0,"comment_status":"closed","ping_status":"closed","template":"","meta":{"nf_dc_page":"","ngg_post_thumbnail":0,"footnotes":""},"class_list":["post-12534","page","type-page","status-publish","hentry"],"_links":{"self":[{"href":"http:\/\/www.kirkhalliday.com\/kh\/wp-json\/wp\/v2\/pages\/12534","targetHints":{"allow":["GET"]}}],"collection":[{"href":"http:\/\/www.kirkhalliday.com\/kh\/wp-json\/wp\/v2\/pages"}],"about":[{"href":"http:\/\/www.kirkhalliday.com\/kh\/wp-json\/wp\/v2\/types\/page"}],"author":[{"embeddable":true,"href":"http:\/\/www.kirkhalliday.com\/kh\/wp-json\/wp\/v2\/users\/1"}],"replies":[{"embeddable":true,"href":"http:\/\/www.kirkhalliday.com\/kh\/wp-json\/wp\/v2\/comments?post=12534"}],"version-history":[{"count":3,"href":"http:\/\/www.kirkhalliday.com\/kh\/wp-json\/wp\/v2\/pages\/12534\/revisions"}],"predecessor-version":[{"id":12539,"href":"http:\/\/www.kirkhalliday.com\/kh\/wp-json\/wp\/v2\/pages\/12534\/revisions\/12539"}],"up":[{"embeddable":true,"href":"http:\/\/www.kirkhalliday.com\/kh\/wp-json\/wp\/v2\/pages\/6578"}],"wp:attachment":[{"href":"http:\/\/www.kirkhalliday.com\/kh\/wp-json\/wp\/v2\/media?parent=12534"}],"curies":[{"name":"wp","href":"https:\/\/api.w.org\/{rel}","templated":true}]}}